{"id":25,"date":"2017-09-29T11:59:48","date_gmt":"2017-09-29T11:59:48","guid":{"rendered":"http:\/\/kuzeymuhendislik.com\/?page_id=25"},"modified":"2019-12-30T13:29:36","modified_gmt":"2019-12-30T13:29:36","slug":"hakkimizda","status":"publish","type":"page","link":"http:\/\/kuzeymuhendislik.com\/?page_id=25","title":{"rendered":"HAKKIMIZDA"},"content":{"rendered":"<p>Kuzey M\u00fchendislik\u00a0\u00a022 Temmuz 1987 tarihinde Jeodezi ve Fotogrametri M\u00fchendisleri olan H\u00fcseyin KOT\u0130L ve Turgay K\u00dc\u00c7\u00dcK taraf\u0131ndan kurulmu\u015ftur.<\/p>\n<p>Kuzey M\u00fchendisli\u011fin Gaziosmanpa\u015fa\u2019da temel harita hizmetleri veren bir b\u00fcro olarak ba\u015flayan kariyeri, bu g\u00fcn kendi alan\u0131nda en b\u00fcy\u00fck firmalardan biri olarak devam etmektedir.<\/p>\n<p>\u00c7e\u015fitli kurum ve kurulu\u015flara, \u00f6zel sekt\u00f6re\u00a030 y\u0131ll\u0131k tecr\u00fcbesi ve bilgi birikimi ile hizmet \u00fcretmektedir.<\/p>\n<p>&nbsp;<\/p>\n<hr \/>\n<h2 class=\"wp-menu-arrow\">Kalite Politikam\u0131z<\/h2>\n<p><a href=\"http:\/\/kuzeymuhendislik.com\/wp-content\/uploads\/2019\/12\/KalitePolitikas\u0131-KUZEY.pdf\">Kuzey M\u00fchendislik Kalite Politikas\u0131<\/a><\/p>\n","protected":false},"excerpt":{"rendered":"<p>Kuzey M\u00fchendislik\u00a0\u00a022 Temmuz 1987 tarihinde Jeodezi ve Fotogrametri M\u00fchendisleri olan H\u00fcseyin KOT\u0130L ve Turgay K\u00dc\u00c7\u00dcK taraf\u0131ndan kurulmu\u015ftur. Kuzey M\u00fchendisli\u011fin Gaziosmanpa\u015fa\u2019da temel harita hizmetleri veren bir b\u00fcro olarak ba\u015flayan kariyeri, bu g\u00fcn kendi alan\u0131nda en b\u00fcy\u00fck firmalardan biri olarak devam etmektedir. \u00c7e\u015fitli kurum ve kurulu\u015flara, \u00f6zel sekt\u00f6re\u00a030 y\u0131ll\u0131k tecr\u00fcbesi ve bilgi birikimi ile hizmet \u00fcretmektedir. &nbsp; [&hellip;]<\/p>\n","protected":false},"author":1,"featured_media":0,"parent":0,"menu_order":0,"comment_status":"closed","ping_status":"closed","template":"fullwidth.php","meta":[],"_links":{"self":[{"href":"http:\/\/kuzeymuhendislik.com\/index.php?rest_route=\/wp\/v2\/pages\/25"}],"collection":[{"href":"http:\/\/kuzeymuhendislik.com\/index.php?rest_route=\/wp\/v2\/pages"}],"about":[{"href":"http:\/\/kuzeymuhendislik.com\/index.php?rest_route=\/wp\/v2\/types\/page"}],"author":[{"embeddable":true,"href":"http:\/\/kuzeymuhendislik.com\/index.php?rest_route=\/wp\/v2\/users\/1"}],"replies":[{"embeddable":true,"href":"http:\/\/kuzeymuhendislik.com\/index.php?rest_route=%2Fwp%2Fv2%2Fcomments&post=25"}],"version-history":[{"count":10,"href":"http:\/\/kuzeymuhendislik.com\/index.php?rest_route=\/wp\/v2\/pages\/25\/revisions"}],"predecessor-version":[{"id":271,"href":"http:\/\/kuzeymuhendislik.com\/index.php?rest_route=\/wp\/v2\/pages\/25\/revisions\/271"}],"wp:attachment":[{"href":"http:\/\/kuzeymuhendislik.com\/index.php?rest_route=%2Fwp%2Fv2%2Fmedia&parent=25"}],"curies":[{"name":"wp","href":"https:\/\/api.w.org\/{rel}","templated":true}]}}