{"id":32,"date":"2017-09-29T12:04:46","date_gmt":"2017-09-29T12:04:46","guid":{"rendered":"http:\/\/kuzeymuhendislik.com\/?page_id=32"},"modified":"2017-10-12T06:27:22","modified_gmt":"2017-10-12T06:27:22","slug":"iletisim","status":"publish","type":"page","link":"http:\/\/kuzeymuhendislik.com\/?page_id=32","title":{"rendered":"\u0130LET\u0130\u015e\u0130M"},"content":{"rendered":"<h5><span class=\"baslik\">\u0130LET\u0130\u015e\u0130M B\u0130LG\u0130LER\u0130<\/span><\/h5>\n<table style=\"height: 116px;\" border=\"0\" width=\"890\" cellspacing=\"4\" cellpadding=\"0\">\n<tbody>\n<tr>\n<td class=\"iletisim_baslik\" style=\"text-align: left;\" align=\"left\" valign=\"top\">ADRES<\/td>\n<td align=\"left\" valign=\"top\">SEY\u0130TN\u0130ZAM MAH MEVLANA CAD \u0130LER\u0130 \u0130\u015e MERKEZ\u0130 NO 88 KAT 3\/A 34015 ZEYT\u0130NBURNU \/ \u0130STANBUL<\/td>\n<\/tr>\n<tr>\n<td class=\"iletisim_baslik\" align=\"left\" valign=\"top\">TELEFON<\/td>\n<td align=\"left\" valign=\"top\">(0212) 665 63 63<\/td>\n<\/tr>\n<tr>\n<td class=\"iletisim_baslik\" align=\"left\" valign=\"top\">FAX<\/td>\n<td align=\"left\" valign=\"top\">\u00a0(0212) 665 63 95<\/td>\n<\/tr>\n<tr align=\"left\">\n<td class=\"iletisim_baslik\" valign=\"top\">E-POSTA<\/td>\n<td valign=\"top\">\u00a0<span id=\"cloakb6397568a83c9ffc33cadd937dc6b596\"><a href=\"mailto:info@kuzeymuhendislik.com\">info@kuzeymuhendislik.com<\/a><\/span><\/td>\n<\/tr>\n<\/tbody>\n<\/table>\n<div class=\"clear-float\">\r\n    <\/div>\r\n<div class=\"huge_it_google_map_container\">\r\n    <div id=\"huge_it_google_map_3855\" data-map_id=\"1\"\r\n         class=\"huge_it_google_map\" style=\"\r\n    position:relative !important;\r\n    height:300px;\r\n    width:100%;\r\n    border-radius:0px;\r\n    margin:0px auto;\"\r\n         data-name=\"kuzey\"\r\n         data-type=\"ROADMAP\"\r\n         data-zoom=\"11\"\r\n         data-min-zoom=\"7\"\r\n         data-max-zoom=\"21\"\r\n         data-locator-enabled=\"0\"\r\n         data-img-url        =\"http:\/\/kuzeymuhendislik.com\/wp-content\/plugins\/google-maps\/assets\/images\/\"\r\n         data-border-radius=\"0\"\r\n         data-center-lat=\"41.0075506\"\r\n         data-center-lng=\"28.905251\"\r\n         data-pan-controller=\"1\"\r\n         data-zoom-controller=\"1\"\r\n         data-type-controller=\"1\"\r\n         data-scale-controller=\"1\"\r\n         data-street-view-controller=\"1\"\r\n         data-overview-map-controller=\"1\"\r\n         data-width=\"100\"\r\n         data-height=\"300\"\r\n         data-align=\"center\"\r\n         data-info-type=\"click\"\r\n         data-open-infowindows-onload=\"0\"\r\n         data-animation=\"none\"\r\n         data-language=\"location based\"\r\n         data-draggable=\"1\"\r\n         data-wheel-scroll=\"1\"\r\n         data-traffic-layer=\"0\"\r\n         data-bike-layer=\"0\"\r\n         data-transit-layer=\"0\"\r\n         data-styling-hue=\"\"\r\n         data-styling-lightness=\"0\"\r\n         data-styling-gamma=\"1\"\r\n         data-styling-saturation=\"0\"><\/div>\r\n<\/div>\r\n\n<p>&nbsp;<\/p>\n","protected":false},"excerpt":{"rendered":"<p>\u0130LET\u0130\u015e\u0130M B\u0130LG\u0130LER\u0130 ADRES SEY\u0130TN\u0130ZAM MAH MEVLANA CAD \u0130LER\u0130 \u0130\u015e MERKEZ\u0130 NO 88 KAT 3\/A 34015 ZEYT\u0130NBURNU \/ \u0130STANBUL TELEFON (0212) 665 63 63 FAX \u00a0(0212) 665 63 95 E-POSTA \u00a0info@kuzeymuhendislik.com &nbsp;<\/p>\n","protected":false},"author":1,"featured_media":0,"parent":0,"menu_order":0,"comment_status":"closed","ping_status":"closed","template":"fullwidth.php","meta":[],"_links":{"self":[{"href":"http:\/\/kuzeymuhendislik.com\/index.php?rest_route=\/wp\/v2\/pages\/32"}],"collection":[{"href":"http:\/\/kuzeymuhendislik.com\/index.php?rest_route=\/wp\/v2\/pages"}],"about":[{"href":"http:\/\/kuzeymuhendislik.com\/index.php?rest_route=\/wp\/v2\/types\/page"}],"author":[{"embeddable":true,"href":"http:\/\/kuzeymuhendislik.com\/index.php?rest_route=\/wp\/v2\/users\/1"}],"replies":[{"embeddable":true,"href":"http:\/\/kuzeymuhendislik.com\/index.php?rest_route=%2Fwp%2Fv2%2Fcomments&post=32"}],"version-history":[{"count":13,"href":"http:\/\/kuzeymuhendislik.com\/index.php?rest_route=\/wp\/v2\/pages\/32\/revisions"}],"predecessor-version":[{"id":254,"href":"http:\/\/kuzeymuhendislik.com\/index.php?rest_route=\/wp\/v2\/pages\/32\/revisions\/254"}],"wp:attachment":[{"href":"http:\/\/kuzeymuhendislik.com\/index.php?rest_route=%2Fwp%2Fv2%2Fmedia&parent=32"}],"curies":[{"name":"wp","href":"https:\/\/api.w.org\/{rel}","templated":true}]}}