{"id":30,"date":"2017-09-29T12:04:46","date_gmt":"2017-09-29T12:04:46","guid":{"rendered":"http:\/\/kuzeymuhendislik.com\/?page_id=30"},"modified":"2017-09-29T15:32:05","modified_gmt":"2017-09-29T15:32:05","slug":"hizmetlerimiz","status":"publish","type":"page","link":"https:\/\/kuzeymuhendislik.com\/?page_id=30","title":{"rendered":"H\u0130ZMETLER\u0130M\u0130Z"},"content":{"rendered":"<ul>\n<li><span style=\"color: #000000;\"><strong>Say\u0131sal Halihaz\u0131r Harita \u00dcretimi<\/strong><\/span><\/li>\n<\/ul>\n<p>\u015eeritvari haritalar, Plankote, Topografik \u00f6l\u00e7\u00fcmler, Detay \u00f6l\u00e7\u00fcmleri\u00a0\u00a0vb elektronik ortamda say\u0131sal olarak haz\u0131rlanmas\u0131, polyester \u00e7\u0131kt\u0131lar\u0131n al\u0131nmas\u0131 i\u015flerini kapsar.<\/p>\n<ul>\n<li><strong><span style=\"color: #000000;\">Kadastral Harita Yap\u0131m\u0131<\/span><\/strong><\/li>\n<\/ul>\n<p>Jeodezik altyap\u0131n\u0131n kurularak elektronik alet veya GPS ile m\u00fclkiyete konu olan ta\u015f\u0131nmaz mallar\u0131n \u00f6l\u00e7\u00fclerek m\u00fclkiyet ile e\u015fle\u015ftirilmesi ve bu uygulamaya y\u00f6nelik harita ve krokilerin haz\u0131rlanmas\u0131.<\/p>\n<ul>\n<li><strong><span style=\"color: #000000;\">\u0130mar Planlar\u0131n\u0131n Haz\u0131rlanmas\u0131 ve Uygulamas\u0131<\/span><\/strong><\/li>\n<\/ul>\n<p>Yerel y\u00f6netimler i\u00e7in imar planlar\u0131n\u0131n ve bu planlara altl\u0131k olacak verilerin haz\u0131rlanmas\u0131,<\/p>\n<p>Planlar\u0131n onay\u0131ndan sonra arazi uygulamalar\u0131n\u0131n yap\u0131lmas\u0131 hizmetleri.<\/p>\n<ul>\n<li><span style=\"color: #000000;\"><strong>Co\u011frafi Bilgi Sistemi \u00c7al\u0131\u015fmalar\u0131<\/strong><\/span><\/li>\n<\/ul>\n<p>GIS (Geographic Information System), co\u011frafi topolojinin tan\u0131mlanabildi\u011fi bir sistemdir. \u015e\u00f6yle ki say\u0131sal haritalar ak\u0131ll\u0131 duruma getirilir ve \u00fczerinde konumsal sorgulamalar yap\u0131labilir.<\/p>\n<p>Bunun i\u00e7in co\u011frafi b\u00f6lgenin istenen bilgileri ile birlikte bilgisayarlarda modellenmesi yap\u0131l\u0131r. Bir taraftan b\u00f6lgenin say\u0131sal haritalar\u0131 temin edilir, harita \u00fczerinde bulunan nesnelerin birbiri ile olan ili\u015fkileri (Topoloji) tan\u0131mlan\u0131r, di\u011fer taraftan her nesnenin a\u00e7\u0131klay\u0131c\u0131 bilgisi grafik ile de ili\u015fkilendirilir. Haz\u0131rlanm\u0131\u015f b\u00f6yle bir yap\u0131da, kullan\u0131c\u0131, b\u00f6lgeye ili\u015fkin analizlerini model \u00fczerinde d\u00fczenleyebilir. Ayr\u0131ca b\u00f6yle bir sistemde say\u0131sal harita \u00fczerinde bulunan her grafik nesne, grafik olmayan s\u00f6zel bilgisi ile, grafik olmayan bir veri taban\u0131nda toplan\u0131r.<\/p>\n<p>\u00d6rne\u011fin, say\u0131sal haritada\u00a0\u00a0\u00e7izgi ile g\u00f6sterilen bir binan\u0131n ili\u015fkili oldu\u011fu grafik olmayan veri taban\u0131nda bina ad\u0131, kullan\u0131m t\u00fcr\u00fc, yap\u0131m y\u0131l\u0131, binan\u0131n cinsi, malik bilgileri, yol, mahalle bilgileri gibi bilgiler bulunmaktad\u0131r. Kapal\u0131 s\u0131n\u0131rlar\u0131 ile g\u00f6sterilen bir parselin ili\u015fkili oldu\u011fu grafik olmayan bilgisi, m\u00fclkiyet durumu, hissedarlar, emlak vergisine ili\u015fkin bilgiler gibi bilgileri bulunabilir ve sistemde her iki taraftan bir di\u011ferine istenen sorgulamalar yap\u0131labilir.<\/p>\n<ul>\n<li><span style=\"color: #000000;\"><strong>Altyap\u0131 Haritac\u0131l\u0131\u011f\u0131<\/strong><\/span><\/li>\n<\/ul>\n<p>Yerel y\u00f6netimlere gaz, su, kanalizasyon, telefon, elektrik konular\u0131nda faaliyet g\u00f6steren alt yap kurulu\u015f ve \u015firketleri i\u00e7in; say\u0131sal haritalara de\u011fi\u015fik katmanlarda su, kanalizasyon, gaz, elektrik, telefon \u015febekelerinin r\u00f6leve al\u0131mlar\u0131 i\u015flenir ve \u00e7ap\u0131, malzeme cinsi, standart\u0131, hat numaras\u0131 gibi bilgiler say\u0131sal ortamda ili\u015fkilendirilir.<\/p>\n<p>Ayr\u0131ca ilgili alan\u0131n say\u0131sal haritalar\u0131n\u0131n \u00fcretilmesi, alt yap\u0131 bilgilerinin toplan\u0131p say\u0131sal haritalar \u00fczerine i\u015flenmesi \u00e7al\u0131\u015fmalar\u0131 da bu hizmetlerin kapsam\u0131 i\u00e7ine al\u0131nabilir.<\/p>\n<ul>\n<li><span style=\"color: #000000;\"><strong>Adres Bilgi Sistemi Kurulumu<\/strong><\/span><\/li>\n<\/ul>\n<p>Arzaiden mevcut mahalle sokak bina, yol bilgileri kullan\u0131m \u015fekilleri toplan\u0131r. Numarataj y\u00f6netmeli\u011fine uygun olarak cadde, sokak ve kap\u0131 numaralar\u0131 projeleri haz\u0131rlan\u0131r. Bu bilgiler ile birlikte bilgisayarlarda modellenmesi yap\u0131l\u0131r ve say\u0131sal haritalar sorgulamaya haz\u0131r ak\u0131ll\u0131 duruma getirilir.<\/p>\n<p>Daha sonra kap\u0131 numaralar\u0131, cadde ve sokak levhalar\u0131 ve direkleri i\u00e7in arazi uygulanmas\u0131 yap\u0131l\u0131r.<\/p>\n<ul>\n<li><span style=\"color: #000000;\"><strong>Kent Bilgi Sistemi Kurulumu<\/strong><\/span><\/li>\n<\/ul>\n<p>\u0130darelerin\u00a0 ihtiya\u00e7lar\u0131na uygun\u00a0\u00a0\u00a0araziden birebir veriler s\u00f6zel bilgilerle ili\u015fkilendirilerek, Tabanlar\u0131na aktar\u0131l\u0131r. Kent Bilgi Sistemleri, kent y\u00f6netimi i\u00e7in gerekli t\u00fcm bilgileri g\u00fcncel olarak saklayan bir bilgi sistemidir.<\/p>\n<p>Halihaz\u0131r haritalar,\u00a0 Numarataj haritalar\u0131,\u00a0uydu veya u\u00e7u\u015f foto\u011fraflar\u0131, Tapu ve Kadastro bilgileri,\u00a0\u0130mar planlar\u0131 ve imar kararlar\u0131,\u00a0Su, do\u011falgaz abone bilgileri,\u00a0emlak, \u00e7evre temizlik, ilan, reklam vs.\u00a0\u00a0vergi beyannameleri, t\u00fcm\u00a0altyap\u0131 bilgileri,\u00a0hazine ve belediye alanlar\u0131na ili\u015fkin bilgiler, alanlar\u0131n kullan\u0131m\u0131na ili\u015fkin bilgiler vb \u00a0KBS\u2019 nin temelini olu\u015fturur.<\/p>\n<ul>\n<li><span style=\"color: #000000;\"><strong>Kentsel D\u00f6n\u00fc\u015f\u00fcm Projelerinin Haz\u0131rlanmas\u0131<\/strong><\/span><\/li>\n<\/ul>\n<p>Kentsel d\u00f6n\u00fc\u015f\u00fcm\u00fcn yap\u0131laca\u011f\u0131 alanda altl\u0131\u011f\u0131 olu\u015fturacak halihaz\u0131r haritalar haz\u0131rlan\u0131r. Ayr\u0131ca m\u00fclkiyet tespiti ve\u00a0\u00a0de\u011fer tespitine esas\u00a0\u00a0birebir veriler toplanarak m\u00fclkiyet de\u011ferlemesi yap\u0131l\u0131r. T\u00fcm bu veriler say\u0131sal ve grafik ortamda ili\u015fkilendirilir.<\/p>\n<ul>\n<li><span style=\"color: #000000;\"><strong>Kontroll\u00fck ve M\u00fc\u015favirlik Hizmetleri<\/strong><\/span><\/li>\n<\/ul>\n<p>Deneyimli teknik kadrosu ve g\u00fcncellenen teknik ekipman\u0131 ile faliyet konusu i\u015flerle ilgili kurum ve kurulu\u015flara projelerin maliyetlendirilmesi, teknik ve mali kontroll\u00fck, raporlama, TUS vb hizmetlerin verilmesidir<\/p>\n<ul>\n<li><span style=\"color: #000000;\"><strong>Jeodezi Hizmetleri<\/strong><\/span><\/li>\n<\/ul>\n<p>Fotogrametrik ve klasik harita \u00fcretiminde, Kadastral uygulamalarda, \u015eehir imar plan\u0131 uygulamalar\u0131nda, Tar\u0131m ama\u00e7l\u0131 arazi toplula\u015ft\u0131rma uygulamalar\u0131nda, Profil ve kesit al\u0131mlar\u0131nda, Say\u0131sal arazi modeli yarat\u0131lmas\u0131nda, Deformasyon \u00e7al\u0131\u015fmalar\u0131nda, M\u00fchendislik \u00e7al\u0131\u015fmalar\u0131nda\u00a0\u00a0tesislerin kurulmas\u0131, Elektronik alet ve GPS ile \u00f6l\u00e7\u00fcmlerin yap\u0131lmas\u0131, \u00fc\u00e7\u00fcnc\u00fc boyutun sa\u011flanmas\u0131 vb hizmetleri kapsar.<\/p>\n<ul>\n<li><span style=\"color: #000000;\"><strong>Kamula\u015ft\u0131rma<\/strong><\/span><\/li>\n<\/ul>\n<p>TOK\u0130 Arsa ve Arazi Kamula\u015ft\u0131rmalar\u0131, Enerji Nakil Hatt\u0131 Kamula\u015ft\u0131rmalar\u0131, DS\u0130 Kanal Kamula\u015ft\u0131rmalar\u0131,TCK Yol Kamula\u015ft\u0131rmalar\u0131 vb hizmetleri kapsar.<\/p>\n","protected":false},"excerpt":{"rendered":"<p>Say\u0131sal Halihaz\u0131r Harita \u00dcretimi \u015eeritvari haritalar, Plankote, Topografik \u00f6l\u00e7\u00fcmler, Detay \u00f6l\u00e7\u00fcmleri\u00a0\u00a0vb elektronik ortamda say\u0131sal olarak haz\u0131rlanmas\u0131, polyester \u00e7\u0131kt\u0131lar\u0131n al\u0131nmas\u0131 i\u015flerini kapsar. Kadastral Harita Yap\u0131m\u0131 Jeodezik altyap\u0131n\u0131n kurularak elektronik alet veya GPS ile m\u00fclkiyete konu olan ta\u015f\u0131nmaz mallar\u0131n \u00f6l\u00e7\u00fclerek m\u00fclkiyet ile e\u015fle\u015ftirilmesi ve bu uygulamaya y\u00f6nelik harita ve krokilerin haz\u0131rlanmas\u0131. \u0130mar Planlar\u0131n\u0131n Haz\u0131rlanmas\u0131 ve Uygulamas\u0131 Yerel [&hellip;]<\/p>\n","protected":false},"author":1,"featured_media":0,"parent":0,"menu_order":0,"comment_status":"closed","ping_status":"closed","template":"fullwidth.php","meta":[],"_links":{"self":[{"href":"https:\/\/kuzeymuhendislik.com\/index.php?rest_route=\/wp\/v2\/pages\/30"}],"collection":[{"href":"https:\/\/kuzeymuhendislik.com\/index.php?rest_route=\/wp\/v2\/pages"}],"about":[{"href":"https:\/\/kuzeymuhendislik.com\/index.php?rest_route=\/wp\/v2\/types\/page"}],"author":[{"embeddable":true,"href":"https:\/\/kuzeymuhendislik.com\/index.php?rest_route=\/wp\/v2\/users\/1"}],"replies":[{"embeddable":true,"href":"https:\/\/kuzeymuhendislik.com\/index.php?rest_route=%2Fwp%2Fv2%2Fcomments&post=30"}],"version-history":[{"count":10,"href":"https:\/\/kuzeymuhendislik.com\/index.php?rest_route=\/wp\/v2\/pages\/30\/revisions"}],"predecessor-version":[{"id":91,"href":"https:\/\/kuzeymuhendislik.com\/index.php?rest_route=\/wp\/v2\/pages\/30\/revisions\/91"}],"wp:attachment":[{"href":"https:\/\/kuzeymuhendislik.com\/index.php?rest_route=%2Fwp%2Fv2%2Fmedia&parent=30"}],"curies":[{"name":"wp","href":"https:\/\/api.w.org\/{rel}","templated":true}]}}